{"id":114,"date":"2009-04-17T12:50:55","date_gmt":"2009-04-17T11:50:55","guid":{"rendered":"http:\/\/www.lalupusinfabula.it\/?page_id=114"},"modified":"2009-04-17T12:50:55","modified_gmt":"2009-04-17T11:50:55","slug":"atto-costitutivo","status":"publish","type":"page","link":"https:\/\/www.lalupusinfabula.it\/?page_id=114","title":{"rendered":"Atto Costitutivo"},"content":{"rendered":"<div>In Acqualagna, localit\u00e0 Furlo via Flaminia n.30, si sono riuniti il 14.10.2000 per costituire un&#8217;associazione ambientalista le seguenti persone: Mara Abbruciati, Santi Chillemi, Claudio Costantini, Giovanna Cottonesi, Aldo Cucchiarini, Valerio Cucchiarini, Alberto De Angelis, Francesco Falcioni, Gaia Galassi, Luca Geminiani, Renata Macci, Luca Orciani, Palazzesi Agnese, Palazzesi Pamela, Andrea Pellegrini, Roberto Rossi, Riccardo Savelli, Silvia Savelli, Luciano Tallevi, Elga Urbinati, Patrizia Valeri, Primo Valeri.I presenti chiamano a presiedere la riunione il Sig. Pellegrini Andrea, coadiuvato dal Segretario, il Sig. Tallevi Luciano.<br \/>\nIl Presidente illustra i motivi che hanno spinto i presenti a farsi promotori della costituzione dell&#8217;Associazione e legge lo Statuto, che dopo ampia discussione , posto in votazione, viene approvato all&#8217;unanimit\u00e0.<br \/>\nLo Statuto Stabilisce in particolare che l&#8217;adesione all&#8217;Associazione \u00e8 libera, che le cariche sociali sono elettive \u00e8 che \u00e8 assolutamente escluso ogni fine di lucro.<br \/>\nI presenti deliberano, inoltre, che l&#8217;Associazione venga chiamata &#8220;La Lupus in Fabula&#8221;, con sede in Acqualagna, localit\u00e0 Furlo, via Flaminia n.30, e recapito postale presso Casella Postale n.13, 61041 Acqualagna.<\/p>\n<p>\u00a0<br \/>\nAcqualagna, l\u00ec 14- 10- 2000<\/p>\n<p>\u00a0<\/p><\/div>\n","protected":false},"excerpt":{"rendered":"<p>In Acqualagna, localit\u00e0 Furlo via Flaminia n.30, si sono riuniti il 14.10.2000 per costituire un&#8217;associazione ambientalista le seguenti persone: Mara Abbruciati, Santi Chillemi, Claudio Costantini, Giovanna Cottonesi, Aldo Cucchiarini, Valerio [&hellip;]<\/p>\n","protected":false},"author":12,"featured_media":0,"parent":2,"menu_order":0,"comment_status":"closed","ping_status":"closed","template":"","meta":{"ngg_post_thumbnail":0,"footnotes":""},"class_list":["post-114","page","type-page","status-publish","hentry"],"_links":{"self":[{"href":"https:\/\/www.lalupusinfabula.it\/index.php?rest_route=\/wp\/v2\/pages\/114","targetHints":{"allow":["GET"]}}],"collection":[{"href":"https:\/\/www.lalupusinfabula.it\/index.php?rest_route=\/wp\/v2\/pages"}],"about":[{"href":"https:\/\/www.lalupusinfabula.it\/index.php?rest_route=\/wp\/v2\/types\/page"}],"author":[{"embeddable":true,"href":"https:\/\/www.lalupusinfabula.it\/index.php?rest_route=\/wp\/v2\/users\/12"}],"replies":[{"embeddable":true,"href":"https:\/\/www.lalupusinfabula.it\/index.php?rest_route=%2Fwp%2Fv2%2Fcomments&post=114"}],"version-history":[{"count":1,"href":"https:\/\/www.lalupusinfabula.it\/index.php?rest_route=\/wp\/v2\/pages\/114\/revisions"}],"predecessor-version":[{"id":115,"href":"https:\/\/www.lalupusinfabula.it\/index.php?rest_route=\/wp\/v2\/pages\/114\/revisions\/115"}],"up":[{"embeddable":true,"href":"https:\/\/www.lalupusinfabula.it\/index.php?rest_route=\/wp\/v2\/pages\/2"}],"wp:attachment":[{"href":"https:\/\/www.lalupusinfabula.it\/index.php?rest_route=%2Fwp%2Fv2%2Fmedia&parent=114"}],"curies":[{"name":"wp","href":"https:\/\/api.w.org\/{rel}","templated":true}]}}